{"id":67,"date":"2021-09-26T21:37:20","date_gmt":"2021-09-26T19:37:20","guid":{"rendered":"https:\/\/virginie.gonnord.com\/?page_id=67"},"modified":"2026-03-26T15:47:09","modified_gmt":"2026-03-26T14:47:09","slug":"67-2","status":"publish","type":"page","link":"https:\/\/virginie.gonnord.com\/index.php\/67-2\/","title":{"rendered":"Contact"},"content":{"rendered":"\n<p><\/p>\n\n\n\n<div class=\"wp-block-columns\">\n<div class=\"wp-block-column\" style=\"flex-basis:66.66%\">\n<div class=\"wp-block-image\"><figure class=\"aligncenter size-medium\"><img loading=\"lazy\" width=\"300\" height=\"300\" src=\"https:\/\/virginie.gonnord.com\/wp-content\/uploads\/2022\/01\/Photos-rondes-site-bulles-emotions-contactVG-300x300.jpg\" alt=\"\" class=\"wp-image-488\" srcset=\"https:\/\/virginie.gonnord.com\/wp-content\/uploads\/2022\/01\/Photos-rondes-site-bulles-emotions-contactVG-300x300.jpg 300w, https:\/\/virginie.gonnord.com\/wp-content\/uploads\/2022\/01\/Photos-rondes-site-bulles-emotions-contactVG-1024x1024.jpg 1024w, https:\/\/virginie.gonnord.com\/wp-content\/uploads\/2022\/01\/Photos-rondes-site-bulles-emotions-contactVG-150x150.jpg 150w, https:\/\/virginie.gonnord.com\/wp-content\/uploads\/2022\/01\/Photos-rondes-site-bulles-emotions-contactVG-768x768.jpg 768w, https:\/\/virginie.gonnord.com\/wp-content\/uploads\/2022\/01\/Photos-rondes-site-bulles-emotions-contactVG-1536x1536.jpg 1536w, https:\/\/virginie.gonnord.com\/wp-content\/uploads\/2022\/01\/Photos-rondes-site-bulles-emotions-contactVG-67x67.jpg 67w, https:\/\/virginie.gonnord.com\/wp-content\/uploads\/2022\/01\/Photos-rondes-site-bulles-emotions-contactVG.jpg 1701w\" sizes=\"(max-width: 300px) 100vw, 300px\" \/><\/figure><\/div>\n<\/div>\n\n\n\n<div class=\"wp-block-column is-vertically-aligned-center\" style=\"flex-basis:33.33%\">\n<pre class=\"wp-block-verse has-text-align-center has-small-font-size\"><mark style=\"background-color:rgba(0, 0, 0, 0);color:#078387\" class=\"has-inline-color\">Prochaines disponibilit\u00e9s d'accueil<\/mark> : 1 place disponible\n<\/pre>\n\n\n\n<p class=\"has-text-align-center\"><strong>Virginie Gonnord<\/strong><br>32, rue des Isleaux<br>85670 PALLUAU<\/p>\n\n\n\n<p class=\"has-text-align-center has-small-font-size\">Entretien sur RDV<br><img loading=\"lazy\" width=\"512\" height=\"512\" class=\"wp-image-506\" style=\"width: 35px;\" src=\"https:\/\/virginie.gonnord.com\/wp-content\/uploads\/2022\/01\/contacts.png\" alt=\"\" srcset=\"https:\/\/virginie.gonnord.com\/wp-content\/uploads\/2022\/01\/contacts.png 512w, https:\/\/virginie.gonnord.com\/wp-content\/uploads\/2022\/01\/contacts-300x300.png 300w, https:\/\/virginie.gonnord.com\/wp-content\/uploads\/2022\/01\/contacts-150x150.png 150w, https:\/\/virginie.gonnord.com\/wp-content\/uploads\/2022\/01\/contacts-67x67.png 67w\" sizes=\"(max-width: 512px) 100vw, 512px\" \/>  06 15 86 42 72<br><img loading=\"lazy\" width=\"512\" height=\"512\" class=\"wp-image-508\" style=\"width: 30px;\" src=\"https:\/\/virginie.gonnord.com\/wp-content\/uploads\/2022\/01\/e-mail.png\" alt=\"\" srcset=\"https:\/\/virginie.gonnord.com\/wp-content\/uploads\/2022\/01\/e-mail.png 512w, https:\/\/virginie.gonnord.com\/wp-content\/uploads\/2022\/01\/e-mail-300x300.png 300w, https:\/\/virginie.gonnord.com\/wp-content\/uploads\/2022\/01\/e-mail-150x150.png 150w, https:\/\/virginie.gonnord.com\/wp-content\/uploads\/2022\/01\/e-mail-67x67.png 67w\" sizes=\"(max-width: 512px) 100vw, 512px\" \/>&nbsp;<a href=\"mailto:vt.gonnord@gmail.com\">vt.gonnord@gmail.com<\/a> <br><img loading=\"lazy\" width=\"48\" height=\"48\" class=\"wp-image-814\" style=\"width: 30px;\" src=\"https:\/\/virginie.gonnord.com\/wp-content\/uploads\/2022\/02\/outline_location_on_black_24dp.png\" alt=\"\"><a rel=\"noreferrer noopener\" href=\"https:\/\/maps.google.fr\/maps?f=l&amp;hl=fr&amp;geocode=&amp;q=virginie+gonnord&amp;near=85+palluau&amp;ie=UTF8&amp;ll=46.80664,-1.622715&amp;spn=0.012719,0.029182&amp;t=k&amp;z=15&amp;iwloc=A&amp;om=1\" target=\"_blank\">Plan d&rsquo;acc\u00e8s<\/a><br><br><img loading=\"lazy\" width=\"512\" height=\"512\" class=\"wp-image-997\" style=\"width: 22px;\" src=\"https:\/\/virginie.gonnord.com\/wp-content\/uploads\/2023\/03\/instagram.png\" alt=\"\" srcset=\"https:\/\/virginie.gonnord.com\/wp-content\/uploads\/2023\/03\/instagram.png 512w, https:\/\/virginie.gonnord.com\/wp-content\/uploads\/2023\/03\/instagram-300x300.png 300w, https:\/\/virginie.gonnord.com\/wp-content\/uploads\/2023\/03\/instagram-150x150.png 150w, https:\/\/virginie.gonnord.com\/wp-content\/uploads\/2023\/03\/instagram-67x67.png 67w\" sizes=\"(max-width: 512px) 100vw, 512px\" \/> <a href=\"https:\/\/www.instagram.com\/virginieassmat\/\">virginieassmat<\/a><br><br><a rel=\"noreferrer noopener\" href=\"https:\/\/www.facebook.com\/profile.php?id=100085705285493\" target=\"_blank\"><img loading=\"lazy\" width=\"512\" height=\"512\" class=\"wp-image-1001\" style=\"width: 21px;\" src=\"https:\/\/virginie.gonnord.com\/wp-content\/uploads\/2023\/03\/facebook.png\" alt=\"\" srcset=\"https:\/\/virginie.gonnord.com\/wp-content\/uploads\/2023\/03\/facebook.png 512w, https:\/\/virginie.gonnord.com\/wp-content\/uploads\/2023\/03\/facebook-300x300.png 300w, https:\/\/virginie.gonnord.com\/wp-content\/uploads\/2023\/03\/facebook-150x150.png 150w, https:\/\/virginie.gonnord.com\/wp-content\/uploads\/2023\/03\/facebook-67x67.png 67w\" sizes=\"(max-width: 512px) 100vw, 512px\" \/><\/a> <a href=\"https:\/\/www.facebook.com\/profile.php?id=100085705285493\" data-type=\"URL\" data-id=\"https:\/\/www.facebook.com\/profile.php?id=100085705285493\" target=\"_blank\" rel=\"noreferrer noopener\">Virginie AssMat<\/a><br><\/p>\n<\/div>\n<\/div>\n\n\n\n<div class=\"wp-block-columns\">\n<div class=\"wp-block-column\"><\/div>\n<\/div>\n\n\n\n<div class=\"wp-block-media-text alignwide has-media-on-the-right is-stacked-on-mobile\" style=\"grid-template-columns:auto 33%\"><figure class=\"wp-block-media-text__media\"><img loading=\"lazy\" width=\"1024\" height=\"1024\" src=\"https:\/\/virginie.gonnord.com\/wp-content\/uploads\/2022\/01\/Photos-rondes-site-virginie-gonnord-regles-sanitaires-1024x1024.jpg\" alt=\"\" class=\"wp-image-490 size-full\" srcset=\"https:\/\/virginie.gonnord.com\/wp-content\/uploads\/2022\/01\/Photos-rondes-site-virginie-gonnord-regles-sanitaires-1024x1024.jpg 1024w, https:\/\/virginie.gonnord.com\/wp-content\/uploads\/2022\/01\/Photos-rondes-site-virginie-gonnord-regles-sanitaires-300x300.jpg 300w, https:\/\/virginie.gonnord.com\/wp-content\/uploads\/2022\/01\/Photos-rondes-site-virginie-gonnord-regles-sanitaires-150x150.jpg 150w, https:\/\/virginie.gonnord.com\/wp-content\/uploads\/2022\/01\/Photos-rondes-site-virginie-gonnord-regles-sanitaires-768x768.jpg 768w, https:\/\/virginie.gonnord.com\/wp-content\/uploads\/2022\/01\/Photos-rondes-site-virginie-gonnord-regles-sanitaires-1536x1536.jpg 1536w, https:\/\/virginie.gonnord.com\/wp-content\/uploads\/2022\/01\/Photos-rondes-site-virginie-gonnord-regles-sanitaires-67x67.jpg 67w, https:\/\/virginie.gonnord.com\/wp-content\/uploads\/2022\/01\/Photos-rondes-site-virginie-gonnord-regles-sanitaires.jpg 1701w\" sizes=\"(max-width: 1024px) 100vw, 1024px\" \/><\/figure><div class=\"wp-block-media-text__content\">\n<p><\/p>\n\n\n\n<p class=\"has-white-background-color has-background\" style=\"font-size: 14px;\"><strong>Mesures sanitaires renforc\u00e9es<\/strong><br>\u2713 Gel hydroalcoolique \u00e0 disposition sur place.<br>\u2713 Distanciation sociale respect\u00e9e lors des transmissions.<br>\u2713 Une famille \u00e0 la fois dans le hall d&rsquo;accueil<br>\u2713 Espaces, mat\u00e9riels et jeux d\u00e9sinfect\u00e9s.<br>\u2713 A\u00e9ration des pi\u00e8ces.<br>\u2713 Port du masque obligatoire selon recommandation gouvernementale.<\/p>\n<\/div><\/div>\n","protected":false},"excerpt":{"rendered":"<p>Prochaines disponibilit\u00e9s d&rsquo;accueil : 1 place disponible Virginie Gonnord32, rue des Isleaux85670 PALLUAU Entretien sur RDV 06 15 86 42 72&nbsp;vt.gonnord@gmail.com Plan d&rsquo;acc\u00e8s virginieassmat Virginie&hellip;<\/p>\n","protected":false},"author":1,"featured_media":0,"parent":0,"menu_order":0,"comment_status":"closed","ping_status":"closed","template":"","meta":[],"aioseo_notices":[],"_links":{"self":[{"href":"https:\/\/virginie.gonnord.com\/index.php\/wp-json\/wp\/v2\/pages\/67"}],"collection":[{"href":"https:\/\/virginie.gonnord.com\/index.php\/wp-json\/wp\/v2\/pages"}],"about":[{"href":"https:\/\/virginie.gonnord.com\/index.php\/wp-json\/wp\/v2\/types\/page"}],"author":[{"embeddable":true,"href":"https:\/\/virginie.gonnord.com\/index.php\/wp-json\/wp\/v2\/users\/1"}],"replies":[{"embeddable":true,"href":"https:\/\/virginie.gonnord.com\/index.php\/wp-json\/wp\/v2\/comments?post=67"}],"version-history":[{"count":68,"href":"https:\/\/virginie.gonnord.com\/index.php\/wp-json\/wp\/v2\/pages\/67\/revisions"}],"predecessor-version":[{"id":1592,"href":"https:\/\/virginie.gonnord.com\/index.php\/wp-json\/wp\/v2\/pages\/67\/revisions\/1592"}],"wp:attachment":[{"href":"https:\/\/virginie.gonnord.com\/index.php\/wp-json\/wp\/v2\/media?parent=67"}],"curies":[{"name":"wp","href":"https:\/\/api.w.org\/{rel}","templated":true}]}}