{"id":57,"date":"2021-09-26T21:19:01","date_gmt":"2021-09-26T19:19:01","guid":{"rendered":"https:\/\/virginie.gonnord.com\/?page_id=57"},"modified":"2026-02-24T11:16:10","modified_gmt":"2026-02-24T10:16:10","slug":"57-2","status":"publish","type":"page","link":"https:\/\/virginie.gonnord.com\/index.php\/57-2\/","title":{"rendered":"Fonctionnement"},"content":{"rendered":"\n<p class=\"has-text-align-left\"><strong>Capacit\u00e9 d\u2019accueil&nbsp;:<\/strong><\/p>\n\n\n\n<ul><li><strong>4 enfants<\/strong> simultan\u00e9ment (12 semaines \u00e0 3 ans ou jusqu&rsquo;\u00e0 la scolarisation)<\/li><li>Accueil individualis\u00e9<\/li><li>Respect du rythme, habitudes et besoins<\/li><\/ul>\n\n\n\n<div class=\"wp-block-media-text alignwide is-stacked-on-mobile\"><figure class=\"wp-block-media-text__media\"><img loading=\"lazy\" width=\"1024\" height=\"1024\" src=\"https:\/\/virginie.gonnord.com\/wp-content\/uploads\/2026\/02\/Virginie-Gonnord-assistante-maternelle-Palluau-85670-Lieu-daccueil-individuel-horaire-accueil-1024x1024.png\" alt=\"\" class=\"wp-image-1509 size-full\" srcset=\"https:\/\/virginie.gonnord.com\/wp-content\/uploads\/2026\/02\/Virginie-Gonnord-assistante-maternelle-Palluau-85670-Lieu-daccueil-individuel-horaire-accueil-1024x1024.png 1024w, https:\/\/virginie.gonnord.com\/wp-content\/uploads\/2026\/02\/Virginie-Gonnord-assistante-maternelle-Palluau-85670-Lieu-daccueil-individuel-horaire-accueil-300x300.png 300w, https:\/\/virginie.gonnord.com\/wp-content\/uploads\/2026\/02\/Virginie-Gonnord-assistante-maternelle-Palluau-85670-Lieu-daccueil-individuel-horaire-accueil-150x150.png 150w, https:\/\/virginie.gonnord.com\/wp-content\/uploads\/2026\/02\/Virginie-Gonnord-assistante-maternelle-Palluau-85670-Lieu-daccueil-individuel-horaire-accueil-768x768.png 768w, https:\/\/virginie.gonnord.com\/wp-content\/uploads\/2026\/02\/Virginie-Gonnord-assistante-maternelle-Palluau-85670-Lieu-daccueil-individuel-horaire-accueil-67x67.png 67w, https:\/\/virginie.gonnord.com\/wp-content\/uploads\/2026\/02\/Virginie-Gonnord-assistante-maternelle-Palluau-85670-Lieu-daccueil-individuel-horaire-accueil.png 1080w\" sizes=\"(max-width: 1024px) 100vw, 1024px\" \/><\/figure><div class=\"wp-block-media-text__content\">\n<p class=\"has-large-font-size\"><strong>P\u00e9riode d&rsquo;accueil<\/strong><\/p>\n\n\n\n<p>Accueil&nbsp;: <strong>47 semaines<\/strong>\/an<br>Fermeture annuelle&nbsp;: 5 semaines + pont de l\u2019ascension + jours f\u00e9ri\u00e9s<br>Horaires d&rsquo;accueil : <strong>7h15 \u00e0 18h15<\/strong><\/p>\n<\/div><\/div>\n\n\n\n<p> <\/p>\n\n\n\n<p><strong>Premi\u00e8re rencontre parents\/assistante maternelle<\/strong><\/p>\n\n\n\n<ul><li>1er contact t\u00e9l\u00e9phonique : il permet aux parents de se poser les questions essentielles pour eux et de savoir si l&rsquo;assistante maternelle peut r\u00e9pondre \u00e0 leurs attentes.<\/li><li>Le premier entretien s&rsquo;organise sur le lieu d&rsquo;accueil, au domicile de l&rsquo;assistante maternelle, uniquement sur rendez vous, en dehors des temps d&rsquo;accueil.<\/li><\/ul>\n\n\n\n<div class=\"wp-block-media-text alignwide has-media-on-the-right is-stacked-on-mobile\"><figure class=\"wp-block-media-text__media\"><img loading=\"lazy\" width=\"949\" height=\"949\" src=\"https:\/\/virginie.gonnord.com\/wp-content\/uploads\/2026\/02\/Virginie-Gonnord-Assistante-maternelle-Palluau-85670-mam-creche-enfant-bebe.jpg\" alt=\"\" class=\"wp-image-1514 size-full\" srcset=\"https:\/\/virginie.gonnord.com\/wp-content\/uploads\/2026\/02\/Virginie-Gonnord-Assistante-maternelle-Palluau-85670-mam-creche-enfant-bebe.jpg 949w, https:\/\/virginie.gonnord.com\/wp-content\/uploads\/2026\/02\/Virginie-Gonnord-Assistante-maternelle-Palluau-85670-mam-creche-enfant-bebe-300x300.jpg 300w, https:\/\/virginie.gonnord.com\/wp-content\/uploads\/2026\/02\/Virginie-Gonnord-Assistante-maternelle-Palluau-85670-mam-creche-enfant-bebe-150x150.jpg 150w, https:\/\/virginie.gonnord.com\/wp-content\/uploads\/2026\/02\/Virginie-Gonnord-Assistante-maternelle-Palluau-85670-mam-creche-enfant-bebe-768x768.jpg 768w, https:\/\/virginie.gonnord.com\/wp-content\/uploads\/2026\/02\/Virginie-Gonnord-Assistante-maternelle-Palluau-85670-mam-creche-enfant-bebe-67x67.jpg 67w\" sizes=\"(max-width: 949px) 100vw, 949px\" \/><\/figure><div class=\"wp-block-media-text__content\">\n<p class=\"has-large-font-size\"><strong>R\u00e9server une place d&rsquo;accueil<\/strong><\/p>\n\n\n\n<p>L&rsquo;<strong>engagement r\u00e9ciproque<\/strong> est un document dans lequel les parents et l&rsquo;assistante maternelle s&rsquo;engagent mutuellement \u00e0 une future relation de travail.<br>L&rsquo;assistante maternelle s&rsquo;engage \u00e0 <strong>r\u00e9server une place<\/strong> \u00e0 l&rsquo;enfant. Les parents employeurs s&rsquo;engagent \u00e0 embaucher l&rsquo;assistante maternelle.<\/p>\n<\/div><\/div>\n\n\n\n<p><\/p>\n\n\n\n<p><strong>Fonctionnement du contrat<\/strong><br>Un contrat de travail \u00e0 dur\u00e9e ind\u00e9termin\u00e9e et \u00e9tabli avant le d\u00e9but de l&rsquo;accueil conform\u00e9ment \u00e0 la convention collective nationale des assistants maternels. Il pr\u00e9cise notamment:<br>&#8211; Les horaires d&rsquo;accueil<br>&#8211; nombre de semaines d&rsquo;accueil<br>&#8211; la r\u00e9mun\u00e9ration<br>&#8211; les indemnit\u00e9s (entretien, repas, d\u00e9placements).<br><br><strong>Tarifs et r\u00e9mun\u00e9ration<\/strong><br>La r\u00e9mun\u00e9ration est calcul\u00e9e selon le principe de la <strong>mensualisation<\/strong> permettant un salaire liss\u00e9 sur l&rsquo;ann\u00e9e.<br>La mensualisation permet une meilleure visibilit\u00e9 pour les parents, une stabilit\u00e9 financi\u00e8re et une gestion simplifi\u00e9e. Elle est calcul\u00e9e en ann\u00e9e compl\u00e8te ou incompl\u00e8te.<\/p>\n\n\n\n<ul><li><strong>En ann\u00e9e compl\u00e8te (52 semaines)<\/strong><br>C&rsquo;est le cas ou les parents-employeurs confient leur enfant 47 semaines sur l&rsquo;ann\u00e9e et prennent leurs cinq semaines de cong\u00e9s pay\u00e9s en m\u00eame temps que l&rsquo;assistante maternelle.<br><em>Calcul du salaire mensuel BRUT de base (cong\u00e9s pay\u00e9s inclus):<br>(Salaire horaire BRUT x Nombre d&rsquo;heures d&rsquo;accueil par semaine x 52 semaines) \/ 12 mois<\/em><br><\/li><li><strong>En ann\u00e9e incompl\u00e8te (46 semaines ou moins)<\/strong><br>C&rsquo;est le cas ou le nombre de semaines de travail effectif est inf\u00e9rieur \u00e0 47 semaines sur un p\u00e9riode de 12 mois, c&rsquo;est \u00e0 dire hors les p\u00e9riodes de cong\u00e9s de chacune des parties et des autres absences pr\u00e9vue.<br><em>Calcul du salaire mensuel BRUT de base* : <\/em><br>(<em>Salaire horaire BRUT x Nombre d&rsquo;heures d&rsquo;accueil par semaine x nombre de semaines programm\u00e9es d&rsquo;accueil) \/ 12 mois<\/em><br>(*la r\u00e9mun\u00e9ration des cong\u00e9s pay\u00e9s sera \u00e0 effectuer en sus au moment d\u00e9fini dans le contrat)<br><\/li><\/ul>\n\n\n\n<div class=\"wp-block-media-text alignwide is-stacked-on-mobile\"><figure class=\"wp-block-media-text__media\"><img loading=\"lazy\" width=\"1024\" height=\"1024\" src=\"https:\/\/virginie.gonnord.com\/wp-content\/uploads\/2026\/02\/Virginie_Gonnord_assistante_maternelle_palluau_85670_familiarisation_accueil_individuel_mode_de_garde_mam_micro_creche_activites_enfant-1024x1024.jpg\" alt=\"\" class=\"wp-image-1507 size-full\" srcset=\"https:\/\/virginie.gonnord.com\/wp-content\/uploads\/2026\/02\/Virginie_Gonnord_assistante_maternelle_palluau_85670_familiarisation_accueil_individuel_mode_de_garde_mam_micro_creche_activites_enfant-1024x1024.jpg 1024w, https:\/\/virginie.gonnord.com\/wp-content\/uploads\/2026\/02\/Virginie_Gonnord_assistante_maternelle_palluau_85670_familiarisation_accueil_individuel_mode_de_garde_mam_micro_creche_activites_enfant-300x300.jpg 300w, https:\/\/virginie.gonnord.com\/wp-content\/uploads\/2026\/02\/Virginie_Gonnord_assistante_maternelle_palluau_85670_familiarisation_accueil_individuel_mode_de_garde_mam_micro_creche_activites_enfant-150x150.jpg 150w, https:\/\/virginie.gonnord.com\/wp-content\/uploads\/2026\/02\/Virginie_Gonnord_assistante_maternelle_palluau_85670_familiarisation_accueil_individuel_mode_de_garde_mam_micro_creche_activites_enfant-768x768.jpg 768w, https:\/\/virginie.gonnord.com\/wp-content\/uploads\/2026\/02\/Virginie_Gonnord_assistante_maternelle_palluau_85670_familiarisation_accueil_individuel_mode_de_garde_mam_micro_creche_activites_enfant-1536x1536.jpg 1536w, https:\/\/virginie.gonnord.com\/wp-content\/uploads\/2026\/02\/Virginie_Gonnord_assistante_maternelle_palluau_85670_familiarisation_accueil_individuel_mode_de_garde_mam_micro_creche_activites_enfant-2048x2048.jpg 2048w, https:\/\/virginie.gonnord.com\/wp-content\/uploads\/2026\/02\/Virginie_Gonnord_assistante_maternelle_palluau_85670_familiarisation_accueil_individuel_mode_de_garde_mam_micro_creche_activites_enfant-67x67.jpg 67w\" sizes=\"(max-width: 1024px) 100vw, 1024px\" \/><\/figure><div class=\"wp-block-media-text__content\">\n<p><strong>Familiarisation<\/strong> (ou <strong>p\u00e9riode d&rsquo;adaptation<\/strong>)<br>Confiance et p\u00e9riode d\u2019adaptation n\u2019est pas dissociable&nbsp;!<br>Une p\u00e9riode essentielle qui permet d\u2019\u00e9tablir une relation de confiance entre parents, b\u00e9b\u00e9 et assistante maternelle, \u00e0 cr\u00e9er du lien et faire connaissance en douceur.<br>L\u2019accueil se fait de fa\u00e7on progressive, en fonction de la disponibilit\u00e9 des uns et des autres et du rythme de l\u2019enfant, sur une dur\u00e9e \u00e9tablie ensemble et en ad\u00e9quation avec les autres enfants en accueil simultan\u00e9. Il s\u2019agit de quelques heures au d\u00e9part pour finir par une journ\u00e9e semblable \u00e0 celles qui seront v\u00e9cues par la suite. De cette mani\u00e8re le b\u00e9b\u00e9 d\u00e9couvre et se familiarise avec ce nouvel environnement. L\u2019assistante maternelle prendra le temps d\u2019observer l\u2019enfant, ses comportements, sa capacit\u00e9 et sa vitesse \u00e0 s\u2019adapter pour pouvoir s\u2019ajuster.<br>Parents et professionnelle \u00e9changent sur les habitudes, les rituels et les rythmes de b\u00e9b\u00e9, l\u2019histoire de b\u00e9b\u00e9.<\/p>\n<\/div><\/div>\n\n\n\n<ul><li><strong>Soins sp\u00e9cifiques<\/strong> (m\u00e9dicaments, allergies, &#8230;)<br>Des soins sp\u00e9cifiques peuvent \u00eatre r\u00e9alis\u00e9s chez l&rsquo;assistante maternelle uniquement avec ordonnances et accord parental.<\/li><\/ul>\n\n\n\n<h4 class=\"has-text-align-center\" id=\"repas\">Alimentation<\/h4>\n\n\n\n<div class=\"wp-block-media-text alignwide is-stacked-on-mobile\" style=\"grid-template-columns:59% auto\"><figure class=\"wp-block-media-text__media\"><img loading=\"lazy\" width=\"1024\" height=\"1024\" src=\"https:\/\/virginie.gonnord.com\/wp-content\/uploads\/2022\/02\/repas1-1024x1024.jpg\" alt=\"\" class=\"wp-image-660 size-medium\" srcset=\"https:\/\/virginie.gonnord.com\/wp-content\/uploads\/2022\/02\/repas1-1024x1024.jpg 1024w, https:\/\/virginie.gonnord.com\/wp-content\/uploads\/2022\/02\/repas1-300x300.jpg 300w, https:\/\/virginie.gonnord.com\/wp-content\/uploads\/2022\/02\/repas1-150x150.jpg 150w, https:\/\/virginie.gonnord.com\/wp-content\/uploads\/2022\/02\/repas1-768x768.jpg 768w, https:\/\/virginie.gonnord.com\/wp-content\/uploads\/2022\/02\/repas1-1536x1536.jpg 1536w, https:\/\/virginie.gonnord.com\/wp-content\/uploads\/2022\/02\/repas1-67x67.jpg 67w, https:\/\/virginie.gonnord.com\/wp-content\/uploads\/2022\/02\/repas1.jpg 1701w\" sizes=\"(max-width: 1024px) 100vw, 1024px\" \/><\/figure><div class=\"wp-block-media-text__content\">\n<figure class=\"wp-block-table\"><table><tbody><tr><td><img loading=\"lazy\" width=\"512\" height=\"512\" class=\"wp-image-869\" style=\"width: 30px;\" src=\"https:\/\/virginie.gonnord.com\/wp-content\/uploads\/2022\/02\/biberon.png\" alt=\"\" srcset=\"https:\/\/virginie.gonnord.com\/wp-content\/uploads\/2022\/02\/biberon.png 512w, https:\/\/virginie.gonnord.com\/wp-content\/uploads\/2022\/02\/biberon-300x300.png 300w, https:\/\/virginie.gonnord.com\/wp-content\/uploads\/2022\/02\/biberon-150x150.png 150w, https:\/\/virginie.gonnord.com\/wp-content\/uploads\/2022\/02\/biberon-67x67.png 67w\" sizes=\"(max-width: 512px) 100vw, 512px\" \/><\/td><td>Biberons donn\u00e9s au rythme des b\u00e9b\u00e9s.<\/td><\/tr><tr><td><img loading=\"lazy\" width=\"512\" height=\"512\" class=\"wp-image-871\" style=\"width: 40px;\" src=\"https:\/\/virginie.gonnord.com\/wp-content\/uploads\/2022\/02\/chaise-haute.png\" alt=\"\" srcset=\"https:\/\/virginie.gonnord.com\/wp-content\/uploads\/2022\/02\/chaise-haute.png 512w, https:\/\/virginie.gonnord.com\/wp-content\/uploads\/2022\/02\/chaise-haute-300x300.png 300w, https:\/\/virginie.gonnord.com\/wp-content\/uploads\/2022\/02\/chaise-haute-150x150.png 150w, https:\/\/virginie.gonnord.com\/wp-content\/uploads\/2022\/02\/chaise-haute-67x67.png 67w\" sizes=\"(max-width: 512px) 100vw, 512px\" \/><\/td><td>Repas en chaise haute d\u00e8s que l&rsquo;enfant se tient assis seul.<\/td><\/tr><tr><td><img loading=\"lazy\" width=\"512\" height=\"512\" class=\"wp-image-829\" style=\"width: 35px;\" src=\"https:\/\/virginie.gonnord.com\/wp-content\/uploads\/2022\/02\/chronometre.png\" alt=\"\" srcset=\"https:\/\/virginie.gonnord.com\/wp-content\/uploads\/2022\/02\/chronometre.png 512w, https:\/\/virginie.gonnord.com\/wp-content\/uploads\/2022\/02\/chronometre-300x300.png 300w, https:\/\/virginie.gonnord.com\/wp-content\/uploads\/2022\/02\/chronometre-150x150.png 150w, https:\/\/virginie.gonnord.com\/wp-content\/uploads\/2022\/02\/chronometre-67x67.png 67w\" sizes=\"(max-width: 512px) 100vw, 512px\" \/><\/td><td>Repas pris en collectivit\u00e9 vers 12h00.<\/td><\/tr><tr><td><img loading=\"lazy\" width=\"512\" height=\"512\" class=\"wp-image-870\" style=\"width: 30px;\" src=\"https:\/\/virginie.gonnord.com\/wp-content\/uploads\/2022\/02\/repas.png\" alt=\"\" srcset=\"https:\/\/virginie.gonnord.com\/wp-content\/uploads\/2022\/02\/repas.png 512w, https:\/\/virginie.gonnord.com\/wp-content\/uploads\/2022\/02\/repas-300x300.png 300w, https:\/\/virginie.gonnord.com\/wp-content\/uploads\/2022\/02\/repas-150x150.png 150w, https:\/\/virginie.gonnord.com\/wp-content\/uploads\/2022\/02\/repas-67x67.png 67w\" sizes=\"(max-width: 512px) 100vw, 512px\" \/><\/td><td>Vers 15 mois, une petite table en bois adapt\u00e9e \u00e0 la taille de l&rsquo;enfant est propos\u00e9, permettant une belle autonomie dans les repas. <\/td><\/tr><tr><td><img loading=\"lazy\" width=\"512\" height=\"512\" class=\"wp-image-830\" style=\"width: 30px;\" src=\"https:\/\/virginie.gonnord.com\/wp-content\/uploads\/2022\/02\/info.png\" alt=\"\" srcset=\"https:\/\/virginie.gonnord.com\/wp-content\/uploads\/2022\/02\/info.png 512w, https:\/\/virginie.gonnord.com\/wp-content\/uploads\/2022\/02\/info-300x300.png 300w, https:\/\/virginie.gonnord.com\/wp-content\/uploads\/2022\/02\/info-150x150.png 150w, https:\/\/virginie.gonnord.com\/wp-content\/uploads\/2022\/02\/info-67x67.png 67w\" sizes=\"(max-width: 512px) 100vw, 512px\" \/><\/td><td>Les enfants participent \u00e0 mettre la table.<\/td><\/tr><\/tbody><\/table><\/figure>\n\n\n\n<p><\/p>\n<\/div><\/div>\n\n\n\n<h4 class=\"has-text-align-center\" id=\"indemnites-d-entretien\"><br>Indemnit\u00e9s d&rsquo;entretien<\/h4>\n\n\n\n<div class=\"wp-block-media-text alignwide has-media-on-the-right is-stacked-on-mobile\" style=\"grid-template-columns:auto 59%\"><figure class=\"wp-block-media-text__media\"><img loading=\"lazy\" width=\"1024\" height=\"1024\" src=\"https:\/\/virginie.gonnord.com\/wp-content\/uploads\/2022\/02\/Entretien-1024x1024.jpg\" alt=\"\" class=\"wp-image-664 size-medium\" srcset=\"https:\/\/virginie.gonnord.com\/wp-content\/uploads\/2022\/02\/Entretien-1024x1024.jpg 1024w, https:\/\/virginie.gonnord.com\/wp-content\/uploads\/2022\/02\/Entretien-300x300.jpg 300w, https:\/\/virginie.gonnord.com\/wp-content\/uploads\/2022\/02\/Entretien-150x150.jpg 150w, https:\/\/virginie.gonnord.com\/wp-content\/uploads\/2022\/02\/Entretien-768x768.jpg 768w, https:\/\/virginie.gonnord.com\/wp-content\/uploads\/2022\/02\/Entretien-1536x1536.jpg 1536w, https:\/\/virginie.gonnord.com\/wp-content\/uploads\/2022\/02\/Entretien-67x67.jpg 67w, https:\/\/virginie.gonnord.com\/wp-content\/uploads\/2022\/02\/Entretien.jpg 1701w\" sizes=\"(max-width: 1024px) 100vw, 1024px\" \/><\/figure><div class=\"wp-block-media-text__content\">\n<p class=\"has-normal-font-size\">Destin\u00e9es \u00e0 rembourser les frais engag\u00e9s par l&rsquo;assistante maternelle pour la garde de l&rsquo;enfant et non soumises \u00e0 cotisation, ce ne sont pas des \u00e9l\u00e9ments du salaire.<br>Dues pour toute journ\u00e9e commenc\u00e9e, elles couvrent et comprennent :<br>&#8211; les mat\u00e9riels et les produits de couchage, de pu\u00e9riculture, de jeux et d&rsquo;activit\u00e9s destin\u00e9s \u00e0 l&rsquo;enfant (\u00e0 l&rsquo;exception des couches, coton, produit lavant pour le change ou liniment, cr\u00e8me de change, s\u00e9rum physiologique, lait en poudre, biberons, eau pour biberon qui sont fournies par les parents).<br>&#8211; la part aff\u00e9rente aux frais g\u00e9n\u00e9raux du logement de l&rsquo;assistante maternelle (eau, gaz, \u00e9lectricit\u00e9, chauffage, etc.)<\/p>\n\n\n\n<figure class=\"wp-block-table is-style-stripes has-small-font-size\"><table><tbody><tr><td><img loading=\"lazy\" width=\"512\" height=\"512\" class=\"wp-image-829\" style=\"width: 25px;\" src=\"https:\/\/virginie.gonnord.com\/wp-content\/uploads\/2022\/02\/chronometre.png\" alt=\"\" srcset=\"https:\/\/virginie.gonnord.com\/wp-content\/uploads\/2022\/02\/chronometre.png 512w, https:\/\/virginie.gonnord.com\/wp-content\/uploads\/2022\/02\/chronometre-300x300.png 300w, https:\/\/virginie.gonnord.com\/wp-content\/uploads\/2022\/02\/chronometre-150x150.png 150w, https:\/\/virginie.gonnord.com\/wp-content\/uploads\/2022\/02\/chronometre-67x67.png 67w\" sizes=\"(max-width: 512px) 100vw, 512px\" \/><\/td><td>9h<\/td><td><\/td><td>10h<\/td><td><\/td><td>11h<\/td><\/tr><tr><td><br><\/td><td>3,83<\/td><td><\/td><td>4.25<\/td><td><\/td><td>4,68<\/td><\/tr><\/tbody><\/table><figcaption>Tarif par journ\u00e9e commenc\u00e9e (source Ufnafaam &#8211; maj au 13\/01\/2026)<\/figcaption><\/figure>\n<\/div><\/div>\n\n\n\n<h4 class=\"has-text-align-center\" id=\"soin-de-la-personne-apprentissage-de-la-proprete\">Aides financi\u00e8res aux parents<\/h4>\n\n\n\n<p><\/p>\n\n\n\n<ul><li><strong>La PAJE<\/strong><\/li><\/ul>\n\n\n\n<p>La <strong>Prestation d\u2019Accueil du Jeune Enfant<\/strong> est vers\u00e9e directement aux familles (On parle de compl\u00e9ment de mode de garde) en fonction des revenus et de la composition familiale.<\/p>\n\n\n\n<p><\/p>\n\n\n\n<p><\/p>\n\n\n\n<ul><li><strong>Cr\u00e9dit d\u2019imp\u00f4t<\/strong><\/li><\/ul>\n\n\n\n<p>Chaque famille pourra pr\u00e9tendre \u00e0 un cr\u00e9dit d\u2019imp\u00f4t repr\u00e9sentant 50 % des d\u00e9penses engag\u00e9es pour la garde de son enfant sur justificatifs.<\/p>\n\n\n\n<div class=\"wp-block-columns\">\n<div class=\"wp-block-column\">\n<div class=\"wp-block-columns\">\n<div class=\"wp-block-column\"><\/div>\n<\/div>\n<\/div>\n<\/div>\n\n\n\n<div class=\"wp-block-columns\">\n<div class=\"wp-block-column\"><\/div>\n\n\n\n<div class=\"wp-block-column\"><\/div>\n<\/div>\n","protected":false},"excerpt":{"rendered":"<p>Capacit\u00e9 d\u2019accueil&nbsp;: 4 enfants simultan\u00e9ment (12 semaines \u00e0 3 ans ou jusqu&rsquo;\u00e0 la scolarisation) Accueil individualis\u00e9 Respect du rythme, habitudes et besoins P\u00e9riode d&rsquo;accueil Accueil&nbsp;:&hellip;<\/p>\n","protected":false},"author":1,"featured_media":0,"parent":0,"menu_order":0,"comment_status":"closed","ping_status":"closed","template":"","meta":[],"aioseo_notices":[],"_links":{"self":[{"href":"https:\/\/virginie.gonnord.com\/index.php\/wp-json\/wp\/v2\/pages\/57"}],"collection":[{"href":"https:\/\/virginie.gonnord.com\/index.php\/wp-json\/wp\/v2\/pages"}],"about":[{"href":"https:\/\/virginie.gonnord.com\/index.php\/wp-json\/wp\/v2\/types\/page"}],"author":[{"embeddable":true,"href":"https:\/\/virginie.gonnord.com\/index.php\/wp-json\/wp\/v2\/users\/1"}],"replies":[{"embeddable":true,"href":"https:\/\/virginie.gonnord.com\/index.php\/wp-json\/wp\/v2\/comments?post=57"}],"version-history":[{"count":75,"href":"https:\/\/virginie.gonnord.com\/index.php\/wp-json\/wp\/v2\/pages\/57\/revisions"}],"predecessor-version":[{"id":1582,"href":"https:\/\/virginie.gonnord.com\/index.php\/wp-json\/wp\/v2\/pages\/57\/revisions\/1582"}],"wp:attachment":[{"href":"https:\/\/virginie.gonnord.com\/index.php\/wp-json\/wp\/v2\/media?parent=57"}],"curies":[{"name":"wp","href":"https:\/\/api.w.org\/{rel}","templated":true}]}}