{"id":1438,"date":"2026-01-21T20:59:35","date_gmt":"2026-01-21T19:59:35","guid":{"rendered":"https:\/\/virginie.gonnord.com\/?page_id=1438"},"modified":"2026-01-21T21:08:33","modified_gmt":"2026-01-21T20:08:33","slug":"montessori-en-quelques-mots","status":"publish","type":"page","link":"https:\/\/virginie.gonnord.com\/index.php\/montessori-en-quelques-mots\/","title":{"rendered":"Montessori en quelques mots &#8230;"},"content":{"rendered":"\n<p>La p\u00e9dagogie Montessori a \u00e9t\u00e9 d\u00e9velopp\u00e9e par Maria Montessori.<\/p>\n\n\n\n<p>C\u2019est une m\u00e9thode d\u2019\u00e9ducation alternative bas\u00e9e sur la confiance en soi, l\u2019autonomie, les exp\u00e9rimentations dans le respect du choix et du rythme d\u2019apprentissage de chaque enfant.<\/p>\n\n\n\n<p>Constamment \u00e0 la disposition de l\u2019enfant, le mat\u00e9riel p\u00e9dagogique attire leur attention et \u00e9veillent leur curiosit\u00e9. Les \u00e9l\u00e9ments sont tous \u00e0 la taille de l\u2019enfant afin de pouvoir \u00eatre mani\u00e9s avec aisance, dans un environnement pens\u00e9, soign\u00e9, \u00e9pur\u00e9, qui donne envie afin de permettre \u00e0 l\u2019enfant de se mouvoir et faire ses d\u00e9couvertes en toute libert\u00e9.<\/p>\n\n\n\n<p>On retrouve trois ambiances dans cette p\u00e9dagogie\u00a0: le nido, l\u2019espace non marcheur, la communaut\u00e9 enfantine. Chacun de ces environnements doit r\u00e9pondre aux p\u00e9riodes sensibles de l\u2019enfant.<\/p>\n\n\n\n<p>L\u2019enfant traverse 6 p\u00e9riodes sensibles\u00a0: langage, coordination des mouvements, l\u2019ordre, le raffinement des sens, petits objets, comportement social.<\/p>\n\n\n\n<p>Selon la p\u00e9riode sensible ou il se trouve, l\u2019enfant choisira des activit\u00e9s en fonction de ses motivations profondes et sera beaucoup plus r\u00e9ceptif aux apprentissages qu\u2019il en retirera. L\u2019enfant utilise tous ses sens pour apprendre. Il est encourag\u00e9 \u00e0 rep\u00e9rer lui-m\u00eame ses erreurs afin de se perfectionner.<\/p>\n\n\n\n<p>Le mat\u00e9riel p\u00e9dagogique est auto-correctif. Dans cette m\u00e9thode, il n\u2019y a pas d\u2019attente de r\u00e9sultat, pas de comparaison, l\u2019enfant explore sans se heurter \u00e0 l\u2019\u00e9chec.<\/p>\n","protected":false},"excerpt":{"rendered":"<p>La p\u00e9dagogie Montessori a \u00e9t\u00e9 d\u00e9velopp\u00e9e par Maria Montessori. C\u2019est une m\u00e9thode d\u2019\u00e9ducation alternative bas\u00e9e sur la confiance en soi, l\u2019autonomie, les exp\u00e9rimentations dans le&hellip;<\/p>\n","protected":false},"author":1,"featured_media":0,"parent":0,"menu_order":0,"comment_status":"closed","ping_status":"closed","template":"","meta":[],"aioseo_notices":[],"_links":{"self":[{"href":"https:\/\/virginie.gonnord.com\/index.php\/wp-json\/wp\/v2\/pages\/1438"}],"collection":[{"href":"https:\/\/virginie.gonnord.com\/index.php\/wp-json\/wp\/v2\/pages"}],"about":[{"href":"https:\/\/virginie.gonnord.com\/index.php\/wp-json\/wp\/v2\/types\/page"}],"author":[{"embeddable":true,"href":"https:\/\/virginie.gonnord.com\/index.php\/wp-json\/wp\/v2\/users\/1"}],"replies":[{"embeddable":true,"href":"https:\/\/virginie.gonnord.com\/index.php\/wp-json\/wp\/v2\/comments?post=1438"}],"version-history":[{"count":1,"href":"https:\/\/virginie.gonnord.com\/index.php\/wp-json\/wp\/v2\/pages\/1438\/revisions"}],"predecessor-version":[{"id":1439,"href":"https:\/\/virginie.gonnord.com\/index.php\/wp-json\/wp\/v2\/pages\/1438\/revisions\/1439"}],"wp:attachment":[{"href":"https:\/\/virginie.gonnord.com\/index.php\/wp-json\/wp\/v2\/media?parent=1438"}],"curies":[{"name":"wp","href":"https:\/\/api.w.org\/{rel}","templated":true}]}}