{"id":1424,"date":"2026-01-21T20:12:39","date_gmt":"2026-01-21T19:12:39","guid":{"rendered":"https:\/\/virginie.gonnord.com\/?page_id=1424"},"modified":"2026-01-23T12:00:11","modified_gmt":"2026-01-23T11:00:11","slug":"pourquoi-choisir-une-assistante-maternelle","status":"publish","type":"page","link":"https:\/\/virginie.gonnord.com\/index.php\/pourquoi-choisir-une-assistante-maternelle\/","title":{"rendered":"Pourquoi choisir une assistante maternelle ?"},"content":{"rendered":"\n<p><\/p>\n\n\n\n<p><strong>Un accueil familial et rassurant<\/strong> comme \u00e0 la maison<\/p>\n\n\n\n<p>Chez l&rsquo;assistante maternelle, l&rsquo;enfant \u00e9volue dans un cadre chaleureux et rassurant.<br>Ce climat familial calme et serein favorise la confiance, l&rsquo;apaisement et l&rsquo;attachement, essentiel au bon d\u00e9veloppement \u00e9motionnel.<\/p>\n\n\n\n<p><\/p>\n\n\n\n<p><strong>Un accueil et une attention privil\u00e9gi\u00e9e et individualis\u00e9e<\/strong><\/p>\n\n\n\n<p>Contrairement aux structures collectives, l&rsquo;assistante maternelle accueille un petit nombre d&rsquo;enfants, ce qui permet :<\/p>\n\n\n\n<p>De respecter le rythme de chaque enfant (sommeil, repas, besoin affectif),<\/p>\n\n\n\n<p>D&rsquo;offrir une \u00e9coute attentive et personnalis\u00e9e,<\/p>\n\n\n\n<p>D\u2019adapter les activit\u00e9s selon l&rsquo;\u00e2ge et les capacit\u00e9s de chacun,<\/p>\n\n\n\n<p>Chaque enfant est reconnu comme une personne unique<\/p>\n\n\n\n<p><br><strong>Une relation stable et s\u00e9curisante<\/strong><\/p>\n\n\n\n<p>L&rsquo;enfant est accompagn\u00e9 par une seule professionnelle de r\u00e9f\u00e9rence, ce qui&nbsp;:<\/p>\n\n\n\n<p>Renforce le sentiment de s\u00e9curit\u00e9 et donc facilite la s\u00e9paration avec les parents,<\/p>\n\n\n\n<p>cr\u00e9er un lien de confiance durable, sans changements fr\u00e9quents d&rsquo;adultes<\/p>\n\n\n\n<p><\/p>\n\n\n\n<p><strong>Une grande souplesse pour les familles<\/strong><\/p>\n\n\n\n<p>L&rsquo;accueil chez une assistante maternelle offre souvent plus de flexibilit\u00e9.<\/p>\n\n\n\n<p>Horaires adapt\u00e9s aux besoins des parents,<\/p>\n\n\n\n<p>Familiarisation progressive de l&rsquo;enfant<\/p>\n\n\n\n<p>Communication simple, directe et quotidienne avec la professionnelle<\/p>\n\n\n\n<p><\/p>\n\n\n\n<p><strong>Des activit\u00e9s adapt\u00e9es, sans sur stimulation<\/strong><\/p>\n\n\n\n<p>Toutes les activit\u00e9s propos\u00e9es respectent le d\u00e9veloppement naturel de l&rsquo;enfant\u00a0:<\/p>\n\n\n\n<p>Jeux libres,<\/p>\n\n\n\n<p>Activit\u00e9s d&rsquo;\u00e9veils adapt\u00e9 aux diff\u00e9rents \u00e2ge,<\/p>\n\n\n\n<p>Sorties et d\u00e9couvertes en petit groupe,<\/p>\n\n\n\n<p>L&rsquo;enfant apprend \u00e0 son rythme, sans attente, ni pression<\/p>\n\n\n\n<p><\/p>\n\n\n\n<p><strong>Une pr\u00e9paration douce \u00e0 la collectivit\u00e9<\/strong><\/p>\n\n\n\n<p>l&rsquo;assistante maternelle permet une socialisation progressive id\u00e9ale avant l&rsquo;entr\u00e9e \u00e0 l&rsquo;\u00e9cole&nbsp;:<\/p>\n\n\n\n<p>interactions avec les autres enfants accueillis ainsi qu&rsquo;aux sorties au RPE,<\/p>\n\n\n\n<p>apprentissage du partage et de la vie en groupe en douceur,<\/p>\n\n\n\n<p>respect des \u00e9motions et des besoins individuels,<\/p>\n\n\n\n<p><\/p>\n\n\n\n<p><strong>Une professionnelle qualifi\u00e9e et encadr\u00e9e<\/strong><\/p>\n\n\n\n<p>l&rsquo;assistante maternelle est agr\u00e9\u00e9e par le Conseil d\u00e9partemental,<\/p>\n\n\n\n<p>form\u00e9 \u00e0 la petite enfance et engag\u00e9e dans une d\u00e9marche de bien-\u00eatre et de s\u00e9curit\u00e9<\/p>\n\n\n\n<p>soumise \u00e0 des contr\u00f4les r\u00e9guliers.<\/p>\n","protected":false},"excerpt":{"rendered":"<p>Un accueil familial et rassurant comme \u00e0 la maison Chez l&rsquo;assistante maternelle, l&rsquo;enfant \u00e9volue dans un cadre chaleureux et rassurant.Ce climat familial calme et serein&hellip;<\/p>\n","protected":false},"author":1,"featured_media":0,"parent":0,"menu_order":0,"comment_status":"closed","ping_status":"closed","template":"","meta":[],"aioseo_notices":[],"_links":{"self":[{"href":"https:\/\/virginie.gonnord.com\/index.php\/wp-json\/wp\/v2\/pages\/1424"}],"collection":[{"href":"https:\/\/virginie.gonnord.com\/index.php\/wp-json\/wp\/v2\/pages"}],"about":[{"href":"https:\/\/virginie.gonnord.com\/index.php\/wp-json\/wp\/v2\/types\/page"}],"author":[{"embeddable":true,"href":"https:\/\/virginie.gonnord.com\/index.php\/wp-json\/wp\/v2\/users\/1"}],"replies":[{"embeddable":true,"href":"https:\/\/virginie.gonnord.com\/index.php\/wp-json\/wp\/v2\/comments?post=1424"}],"version-history":[{"count":2,"href":"https:\/\/virginie.gonnord.com\/index.php\/wp-json\/wp\/v2\/pages\/1424\/revisions"}],"predecessor-version":[{"id":1454,"href":"https:\/\/virginie.gonnord.com\/index.php\/wp-json\/wp\/v2\/pages\/1424\/revisions\/1454"}],"wp:attachment":[{"href":"https:\/\/virginie.gonnord.com\/index.php\/wp-json\/wp\/v2\/media?parent=1424"}],"curies":[{"name":"wp","href":"https:\/\/api.w.org\/{rel}","templated":true}]}}